{"id":1787,"date":"2014-12-17T12:24:04","date_gmt":"2014-12-17T11:24:04","guid":{"rendered":"http:\/\/saretu.eus\/?page_id=1787"},"modified":"2021-04-07T23:30:05","modified_gmt":"2021-04-07T22:30:05","slug":"cookies","status":"publish","type":"page","link":"https:\/\/saretu.eus\/es\/cookies\/","title":{"rendered":"Cookies"},"content":{"rendered":"<p style=\"text-align: justify;\">Saretu utiliza cookies propias y de terceros para mejorar la experiencia de navegaci\u00f3n, realizar tareas de anal\u00edtica y ofrecer contenidos y publicidad de inter\u00e9s, una pr\u00e1ctica habitual hoy en d\u00eda por parte de la mayor\u00eda de los sitios de Internet.<\/p>\n<p style=\"text-align: justify;\">Una cookie es un fichero que se descarga en su ordenador, tablet o smartphone al acceder a determinadas p\u00e1ginas web. Las cookies permiten a una p\u00e1gina web, entre otras cosas, almacenar y recuperar informaci\u00f3n sobre los h\u00e1bitos de navegaci\u00f3n de una persona usuaria o de su equipo y, dependiendo de la informaci\u00f3n que contengan y de la forma en que utilice su equipo, pueden utilizarse para reconocer a la persona usuaria.<\/p>\n<p style=\"text-align: justify;\">Estos son los tipos de cookies usadas en Saretu:<\/p>\n<p style=\"text-align: justify;\">&#8211; <span style=\"text-decoration: underline;\">Cookies de an\u00e1lisis:<\/span> son aqu\u00e9llas que bien tratadas por nosotros o por terceros (por ejemplo, Google Analytics), nos permiten cuantificar el n\u00famero de personas usuarias que acceden a Saretu y as\u00ed realizar la medici\u00f3n y an\u00e1lisis estad\u00edstico de la utilizaci\u00f3n que hacen las personas usuarias de la web. Para ello se analiza su navegaci\u00f3n en nuestra p\u00e1gina web con el fin de mejorar la oferta de productos o servicios que ofrecemos.<\/p>\n<p style=\"text-align: justify;\">&#8211; <span style=\"text-decoration: underline;\">Cookies de geolocalizaci\u00f3n:<\/span> son cookies an\u00f3nimas y se usan para conocer el pa\u00eds o provincia desde las que se conectan las personas usuarias y sirven a Saretu para conocer el origen de las visitas.<\/p>\n<p style=\"text-align: justify;\">&#8211; <span style=\"text-decoration: underline;\">Cookies de servicio:<\/span> estas cookies recuerdan las preferencias de la persona usuaria, para que no tenga que volver a configurar el servicio en cada visita. Por ejemplo, recuerdan el idioma de preferencia del servicio.<\/p>\n<p style=\"text-align: justify;\">La persona usuaria puede permitir, bloquear o eliminar las cookies instaladas en su equipo mediante la configuraci\u00f3n de las opciones del navegador instalado en su ordenador. Estas son las p\u00e1ginas de los principales navegadores que explican c\u00f3mo hacerlo:<\/p>\n<p style=\"text-align: justify;\">&#8211; <span style=\"text-decoration: underline;\">Chrome:<\/span> <a href=\"http:\/\/support.google.com\/chrome\/bin\/answer.py?hl=es&amp;answer=95647\" target=\"_blank\" rel=\"noopener\">http:\/\/support.google.com\/chrome\/bin\/answer.py?hl=es&amp;answer=95647<\/a><\/p>\n<p style=\"text-align: justify;\">&#8211; <span style=\"text-decoration: underline;\">Explorer:<\/span> <a href=\"http:\/\/windows.microsoft.com\/es-es\/windows7\/how-to-manage-cookies-in-internet-explorer-9\" target=\"_blank\" rel=\"noopener\">http:\/\/windows.microsoft.com\/es-es\/windows7\/how-to-manage-cookies-in-internet-explorer-9<\/a><\/p>\n<p style=\"text-align: justify;\">&#8211; <span style=\"text-decoration: underline;\">Firefox:<\/span> <a href=\"http:\/\/support.mozilla.org\/es\/kb\/habilitar-y-deshabilitar-cookies-que-los-sitios-we\" target=\"_blank\" rel=\"noopener\">http:\/\/support.mozilla.org\/es\/kb\/habilitar-y-deshabilitar-cookies-que-los-sitios-we<\/a><\/p>\n<p style=\"text-align: justify;\">&#8211; <span style=\"text-decoration: underline;\">Safari:<\/span> <a href=\"http:\/\/support.apple.com\/kb\/ph5042\" target=\"_blank\" rel=\"noopener\">http:\/\/support.apple.com\/kb\/ph5042<\/a><\/p>\n<p style=\"text-align: justify;\">La persona usuaria debe saber que al bloquear completamente las cookies puede ocasionar que algunas webs no se muestren de una manera correcta.<\/p>\n<p style=\"text-align: justify;\">En cualquier caso, la informaci\u00f3n obtenida por las cookies propias es tratada solo por Saretu y en ning\u00fan caso es cedida a terceras empresas.<\/p>\n","protected":false},"excerpt":{"rendered":"<p>Saretu utiliza cookies propias y de terceros para mejorar la experiencia de navegaci\u00f3n, realizar tareas de anal\u00edtica y ofrecer contenidos [&hellip;]<\/p>\n","protected":false},"author":4,"featured_media":0,"parent":0,"menu_order":0,"comment_status":"open","ping_status":"open","template":"","meta":{"footnotes":""},"class_list":["post-1787","page","type-page","status-publish","hentry"],"_links":{"self":[{"href":"https:\/\/saretu.eus\/es\/wp-json\/wp\/v2\/pages\/1787","targetHints":{"allow":["GET"]}}],"collection":[{"href":"https:\/\/saretu.eus\/es\/wp-json\/wp\/v2\/pages"}],"about":[{"href":"https:\/\/saretu.eus\/es\/wp-json\/wp\/v2\/types\/page"}],"author":[{"embeddable":true,"href":"https:\/\/saretu.eus\/es\/wp-json\/wp\/v2\/users\/4"}],"replies":[{"embeddable":true,"href":"https:\/\/saretu.eus\/es\/wp-json\/wp\/v2\/comments?post=1787"}],"version-history":[{"count":2,"href":"https:\/\/saretu.eus\/es\/wp-json\/wp\/v2\/pages\/1787\/revisions"}],"predecessor-version":[{"id":2546,"href":"https:\/\/saretu.eus\/es\/wp-json\/wp\/v2\/pages\/1787\/revisions\/2546"}],"wp:attachment":[{"href":"https:\/\/saretu.eus\/es\/wp-json\/wp\/v2\/media?parent=1787"}],"curies":[{"name":"wp","href":"https:\/\/api.w.org\/{rel}","templated":true}]}}